{"id":39,"date":"2025-05-29T20:47:42","date_gmt":"2025-05-29T20:47:42","guid":{"rendered":"https:\/\/neverstopdreaming.jooswolfangel.ch\/?page_id=39"},"modified":"2025-09-08T08:54:44","modified_gmt":"2025-09-08T08:54:44","slug":"impressum","status":"publish","type":"page","link":"https:\/\/neverstopdreaming.jooswolfangel.ch\/?page_id=39","title":{"rendered":"impressum"},"content":{"rendered":"\t\t<div data-elementor-type=\"wp-page\" data-elementor-id=\"39\" class=\"elementor elementor-39\" data-elementor-post-type=\"page\">\n\t\t\t\t<div class=\"elementor-element elementor-element-03bd4e5 e-flex e-con-boxed e-con e-parent\" data-id=\"03bd4e5\" data-element_type=\"container\" data-e-type=\"container\">\n\t\t\t\t\t<div class=\"e-con-inner\">\n\t\t\t\t<div class=\"elementor-element elementor-element-22b60be elementor-widget__width-initial elementor-widget-tablet__width-initial elementor-widget elementor-widget-text-editor\" data-id=\"22b60be\" data-element_type=\"widget\" data-e-type=\"widget\" data-widget_type=\"text-editor.default\">\n\t\t\t\t<div class=\"elementor-widget-container\">\n\t\t\t\t\t\t\t\t\t<pre><strong>Impressum<br \/><\/strong>Konzept &amp; Inhalt: <br \/>Renate Wolfangel<br \/>Design &amp; CreativeCoding: <br \/>Johannes Joos \u00a0 <br \/><a href=\"http:\/\/www.jooswolfangel.ch\" target=\"_blank\" rel=\"noopener\">jooswolfangel.ch<\/a><\/pre>\t\t\t\t\t\t\t\t<\/div>\n\t\t\t\t<\/div>\n\t\t<div class=\"elementor-element elementor-element-2ffa65e e-con-full e-flex e-con e-child\" data-id=\"2ffa65e\" data-element_type=\"container\" data-e-type=\"container\">\n\t\t\t\t<div class=\"elementor-element elementor-element-013c7ce elementor-widget elementor-widget-text-editor\" data-id=\"013c7ce\" data-element_type=\"widget\" data-e-type=\"widget\" data-widget_type=\"text-editor.default\">\n\t\t\t\t<div class=\"elementor-widget-container\">\n\t\t\t\t\t\t\t\t\t<p><strong>Disclaimer<\/strong><br \/>Wie k\u00f6nnen wir gemeinsam neue Wege gehen? Mein Beratungsangebot steht allen offen, die sich neu orientieren m\u00f6chten oder in einer neuen Lebensphase befinden. Die Beratungen verstehe ich als ko-kreatives Miteinander, dazu wird die Kreativit\u00e4t als Basis f\u00fcr Ver\u00e4nderungen entdeckt, um damit gestalterische Potenziale zu entfalten. Ich sehe es als meine Aufgabe, dich darin zu unterst\u00fctzen die n\u00e4chsten Schritte zu denken, um deinen Weg zu finden. Ich sichere dir meine Verschwiegenheit zu, denn deine Privatsph\u00e4re ist mir wichtig.\u00a0<\/p><div><p style=\"font-weight: 400;\">Meine Empfehlungen basieren auf meinen Erfahrungen und der \u00fcber 30-j\u00e4hrigen T\u00e4tigkeit als selbstst\u00e4ndige, gestaltende, \u00e4sthetisch orientierte Beraterin und Fragensammlerin.\u00a0<\/p><\/div><div>\u00a0<\/div><div><div><strong>Datenschutzerkl\u00e4rung<br \/><\/strong>Gest\u00fctzt auf Artikel 13 der schweizerischen Bundesverfassung und den datenschutzrechtlichen Bestimmungen des Bundes (Datenschutzgesetz, DSG) hat jede Person Anspruch auf Schutz ihrer Privatsph\u00e4re sowie auf Schutz vor Missbrauch ihrer pers\u00f6nlichen Daten. Pers\u00f6nliche Daten werden streng vertraulich behandelt und weder an Dritte verkauft noch weitergegeben. In Zusammenarbeit mit dem Hosting-Provider (metanet.ch) bem\u00fchen wir uns, die Datenbanken so gut wie m\u00f6glich vor fremden Zugriffen, Verlusten, Missbrauch oder vor F\u00e4lschung zu sch\u00fctzen. Diese Website kann grunds\u00e4tzlich ohne Registrierung besucht werden. Beim Zugriff auf die Website werden folgende Daten in Logfiles anonymisiert gespeichert: IP-Adresse, Datum, Uhrzeit, Browser-Anfrage und allg. \u00fcbertragene Informationen zum Betriebssystem resp. Browser. Diese Nutzungsdaten bilden die Basis f\u00fcr statistische, anonyme Auswertungen, so dass Trends erkennbar sind, ohne dass diese Daten unmittelbar auf Ihre Person bezogen werden. Wir weisen darauf hin, dass die Daten\u00fcbertragung im Internet (z.B. bei der Kommunikation per E-Mail) Sicherheitsl\u00fccken aufweisen kann. Ein l\u00fcckenloser Schutz der Daten vor dem Zugriff durch Dritte ist nicht m\u00f6glich.<\/div><div>\u00a0<\/div><div><strong>Erhebung und<\/strong> <strong>Bearbeitung von Personendaten<br \/><\/strong>Personenbezogene Daten sind Informationen, mit deren Hilfe eine Person bestimmbar ist, also Angaben, die zur\u00fcck zu einer Person verfolgt werden k\u00f6nnen, z.B. der Name, die E-Mail-Adresse oder die Telefonnummer. Bei einer Kontaktaufnahme z.B. per E-Mail werden die pers\u00f6nlichen Angaben zwecks Bearbeitung der Anfrage sowie f\u00fcr den Fall, dass Anschlussfragen entstehen, gespeichert.<\/div><div>\u00a0<\/div><div><strong>Dauer der<\/strong> <strong>Aufbewahrung von Personendaten<br \/><\/strong>Diese Website verwendet notwendige Cookies. Das sind kleine Textdateien, die es erm\u00f6glichen, w\u00e4hrend der Website-Nutzung auf dem Endger\u00e4t spezifische, nutzerbezogene Informationen zu speichern. Bei einigen dieser Cookies handelt es sich um essenzielle Cookies, die eine reibungslose Nutzung der Website erm\u00f6glichen. Die anderen, sogenannte nicht essenzielle Cookies, erm\u00f6glichen es, insbesondere Nutzungsh\u00e4ufigkeit und Nutzeranzahl der Seiten zu ermitteln, Verhaltensweisen der Seitennutzung \u2013 auf unsere Website nur anonym \u2013 zu analysieren. Es werden keine pers\u00f6nlichen Daten erhoben. Wenn Sie das nicht w\u00fcnschen, sollten Sie Ihren Internetbrowser so einstellen, dass er die Annahme von Cookies verweigert.<\/div><div><div><p>Generellen Widerspruch gegen den Einsatz von vielen Online-Anzeigen-Cookies und Trackings zu Onlinemarketing-Zwecken k\u00f6nnen Sie \u00fcber die US-amerikanische Seite <a href=\"http:\/\/www.aboutads.info\/choices\/\">http:\/\/www.aboutads.info\/choices\/<\/a> oder die EU-Seite <a href=\"http:\/\/www.youronlinechoices.com\/\">http:\/\/www.youronlinechoices.com\/<\/a> vornehmen.<\/p><p><strong>SSL-\/TLS-Verschl\u00fcsselung<br \/><\/strong>Diese Website nutzt aus Gr\u00fcnden der Sicherheit und zum Schutz der \u00dcbertragung vertraulicher Inhalte, wie zum Beispiel der Anfragen, die Sie an uns als Seitenbetreiber senden, eine SSL-\/TLS-Verschl\u00fcsselung. Eine verschl\u00fcsselte Verbindung erkennen Sie daran, dass die Adresszeile des Browsers von http:\/\/ auf https:\/\/ wechselt und an dem Schloss-Symbol in Ihrer Browserzeile. Wenn die SSL bzw. TLS-Verschl\u00fcsselung aktiviert ist, k\u00f6nnen die Daten, die Sie an uns \u00fcbermitteln, nicht von Dritten mitgelesen werden.<\/p><\/div><div>Stand Juni 2025<\/div><\/div><\/div><div>\u00a0<\/div><div>\u00a0<\/div>\t\t\t\t\t\t\t\t<\/div>\n\t\t\t\t<\/div>\n\t\t\t\t<\/div>\n\t\t\t\t\t<\/div>\n\t\t\t\t<\/div>\n\t\t\t\t<\/div>\n\t\t","protected":false},"excerpt":{"rendered":"<p>ImpressumKonzept &amp; Inhalt: Renate WolfangelDesign &amp; CreativeCoding: Johannes Joos \u00a0 jooswolfangel.ch DisclaimerWie k\u00f6nnen wir gemeinsam neue Wege gehen? Mein Beratungsangebot steht allen offen, die sich neu orientieren m\u00f6chten oder in einer neuen Lebensphase befinden. Die Beratungen verstehe ich als ko-kreatives Miteinander, dazu wird die Kreativit\u00e4t als Basis f\u00fcr Ver\u00e4nderungen entdeckt, um damit gestalterische Potenziale zu [&hellip;]<\/p>\n","protected":false},"author":1,"featured_media":0,"parent":0,"menu_order":80,"comment_status":"closed","ping_status":"closed","template":"","meta":{"footnotes":""},"class_list":["post-39","page","type-page","status-publish","hentry"],"_links":{"self":[{"href":"https:\/\/neverstopdreaming.jooswolfangel.ch\/index.php?rest_route=\/wp\/v2\/pages\/39","targetHints":{"allow":["GET"]}}],"collection":[{"href":"https:\/\/neverstopdreaming.jooswolfangel.ch\/index.php?rest_route=\/wp\/v2\/pages"}],"about":[{"href":"https:\/\/neverstopdreaming.jooswolfangel.ch\/index.php?rest_route=\/wp\/v2\/types\/page"}],"author":[{"embeddable":true,"href":"https:\/\/neverstopdreaming.jooswolfangel.ch\/index.php?rest_route=\/wp\/v2\/users\/1"}],"replies":[{"embeddable":true,"href":"https:\/\/neverstopdreaming.jooswolfangel.ch\/index.php?rest_route=%2Fwp%2Fv2%2Fcomments&post=39"}],"version-history":[{"count":0,"href":"https:\/\/neverstopdreaming.jooswolfangel.ch\/index.php?rest_route=\/wp\/v2\/pages\/39\/revisions"}],"wp:attachment":[{"href":"https:\/\/neverstopdreaming.jooswolfangel.ch\/index.php?rest_route=%2Fwp%2Fv2%2Fmedia&parent=39"}],"curies":[{"name":"wp","href":"https:\/\/api.w.org\/{rel}","templated":true}]}}