{"id":37,"date":"2025-05-29T20:47:42","date_gmt":"2025-05-29T20:47:42","guid":{"rendered":"https:\/\/neverstopdreaming.jooswolfangel.ch\/?page_id=37"},"modified":"2025-11-21T12:53:18","modified_gmt":"2025-11-21T12:53:18","slug":"kontakt","status":"publish","type":"page","link":"https:\/\/neverstopdreaming.jooswolfangel.ch\/?page_id=37","title":{"rendered":"kontakt"},"content":{"rendered":"\t\t<div data-elementor-type=\"wp-page\" data-elementor-id=\"37\" class=\"elementor elementor-37\" data-elementor-post-type=\"page\">\n\t\t\t\t<div class=\"elementor-element elementor-element-68ea7c8 e-flex e-con-boxed e-con e-parent\" data-id=\"68ea7c8\" data-element_type=\"container\" data-e-type=\"container\">\n\t\t\t\t\t<div class=\"e-con-inner\">\n\t\t<div class=\"elementor-element elementor-element-7d0b425 e-con-full e-flex e-con e-child\" data-id=\"7d0b425\" data-element_type=\"container\" data-e-type=\"container\">\n\t\t\t\t<div class=\"elementor-element elementor-element-aa23d25 elementor-widget elementor-widget-image\" data-id=\"aa23d25\" data-element_type=\"widget\" data-e-type=\"widget\" data-widget_type=\"image.default\">\n\t\t\t\t<div class=\"elementor-widget-container\">\n\t\t\t\t\t\t\t\t\t\t\t\t\t\t\t<img fetchpriority=\"high\" decoding=\"async\" width=\"2560\" height=\"1920\" src=\"https:\/\/neverstopdreaming.jooswolfangel.ch\/wp-content\/uploads\/2025\/06\/atelier_I-scaled.jpg\" class=\"attachment-full size-full wp-image-616\" alt=\"Besprechungsraum\" srcset=\"https:\/\/neverstopdreaming.jooswolfangel.ch\/wp-content\/uploads\/2025\/06\/atelier_I-scaled.jpg 2560w, https:\/\/neverstopdreaming.jooswolfangel.ch\/wp-content\/uploads\/2025\/06\/atelier_I-300x225.jpg 300w, https:\/\/neverstopdreaming.jooswolfangel.ch\/wp-content\/uploads\/2025\/06\/atelier_I-1024x768.jpg 1024w, https:\/\/neverstopdreaming.jooswolfangel.ch\/wp-content\/uploads\/2025\/06\/atelier_I-768x576.jpg 768w, https:\/\/neverstopdreaming.jooswolfangel.ch\/wp-content\/uploads\/2025\/06\/atelier_I-1536x1152.jpg 1536w, https:\/\/neverstopdreaming.jooswolfangel.ch\/wp-content\/uploads\/2025\/06\/atelier_I-2048x1536.jpg 2048w\" sizes=\"(max-width: 2560px) 100vw, 2560px\" \/>\t\t\t\t\t\t\t\t\t\t\t\t\t\t\t<\/div>\n\t\t\t\t<\/div>\n\t\t\t\t<\/div>\n\t\t<div class=\"elementor-element elementor-element-cd9fa76 e-con-full e-flex e-con e-child\" data-id=\"cd9fa76\" data-element_type=\"container\" data-e-type=\"container\">\n\t\t\t\t<div class=\"elementor-element elementor-element-dc3cae0 elementor-widget elementor-widget-text-editor\" data-id=\"dc3cae0\" data-element_type=\"widget\" data-e-type=\"widget\" data-widget_type=\"text-editor.default\">\n\t\t\t\t<div class=\"elementor-widget-container\">\n\t\t\t\t\t\t\t\t\t<p style=\"font-weight: 400;\"><strong>start now. <\/strong>Ob ganz zu Beginn eines kreativen Prozesses oder mitten drin, manchmal braucht es ein Gespr\u00e4ch, das Raum \u00f6ffnet: Raum f\u00fcr neue M\u00f6glichkeiten, f\u00fcr frische Ideen, f\u00fcr den n\u00e4chsten Schritt.<\/p><p data-start=\"443\" data-end=\"594\">Eine gestaltende oder \u00e4sthetisch orientierte Beratung eignet sich f\u00fcr alle, die sich fragen: Wie geht es weiter? Was kann entstehen? Was will jetzt sichtbar werden?<\/p>\t\t\t\t\t\t\t\t<\/div>\n\t\t\t\t<\/div>\n\t\t\t\t<div class=\"elementor-element elementor-element-469c64b elementor-widget elementor-widget-text-editor\" data-id=\"469c64b\" data-element_type=\"widget\" data-e-type=\"widget\" data-widget_type=\"text-editor.default\">\n\t\t\t\t<div class=\"elementor-widget-container\">\n\t\t\t\t\t\t\t\t\t<p style=\"font-weight: 600; text-align: center;\">Beim Zuh\u00f6ren gibt es nur das jetzt.<\/p>\t\t\t\t\t\t\t\t<\/div>\n\t\t\t\t<\/div>\n\t\t\t\t<div class=\"elementor-element elementor-element-182dee9 elementor-widget elementor-widget-text-editor\" data-id=\"182dee9\" data-element_type=\"widget\" data-e-type=\"widget\" data-widget_type=\"text-editor.default\">\n\t\t\t\t<div class=\"elementor-widget-container\">\n\t\t\t\t\t\t\t\t\t<p style=\"text-align: center;\">Rick Rubin<\/p>\t\t\t\t\t\t\t\t<\/div>\n\t\t\t\t<\/div>\n\t\t\t\t<\/div>\n\t\t<div class=\"elementor-element elementor-element-f83cbf3 e-con-full e-flex e-con e-child\" data-id=\"f83cbf3\" data-element_type=\"container\" data-e-type=\"container\">\n\t\t\t\t<\/div>\n\t\t<div class=\"elementor-element elementor-element-16771b3 e-con-full e-flex e-con e-child\" data-id=\"16771b3\" data-element_type=\"container\" data-e-type=\"container\">\n\t\t\t\t<div class=\"elementor-element elementor-element-4aa41c1 elementor-widget elementor-widget-text-editor\" data-id=\"4aa41c1\" data-element_type=\"widget\" data-e-type=\"widget\" data-widget_type=\"text-editor.default\">\n\t\t\t\t<div class=\"elementor-widget-container\">\n\t\t\t\t\t\t\t\t\t<p>Ich h\u00f6re zu und stelle Fragen, die neue Horizonte \u00f6ffnen.<br data-start=\"714\" data-end=\"717\" \/>In Einzelberatungen, projektbezogenen Prozessen oder Workshops begleite ich dich dabei, deine Gedanken zu ordnen, deine Ideen zu formulieren und deiner Vision Gestalt zu geben. Lust, loszulegen? Ich freue mich auf deine Nachricht.<\/p>\t\t\t\t\t\t\t\t<\/div>\n\t\t\t\t<\/div>\n\t\t\t\t<div class=\"elementor-element elementor-element-7d7b48a elementor-widget elementor-widget-text-editor\" data-id=\"7d7b48a\" data-element_type=\"widget\" data-e-type=\"widget\" data-widget_type=\"text-editor.default\">\n\t\t\t\t<div class=\"elementor-widget-container\">\n\t\t\t\t\t\t\t\t\t<pre>Renate Wolfangel<br \/>\nGestaltende Beratung<br \/>\nZeughausstrasse 52<br \/>\n8400 Winterthur<br \/>\nFon +41 76 559 97 02<\/pre>\t\t\t\t\t\t\t\t<\/div>\n\t\t\t\t<\/div>\n\t\t\t\t<div class=\"elementor-element elementor-element-7cb5ee9 elementor-widget__width-initial elementor-widget-tablet__width-initial elementor-widget-mobile__width-initial e-transform elementor-widget elementor-widget-image\" data-id=\"7cb5ee9\" data-element_type=\"widget\" data-e-type=\"widget\" data-settings=\"{&quot;_transform_translateY_effect&quot;:{&quot;unit&quot;:&quot;px&quot;,&quot;size&quot;:-10,&quot;sizes&quot;:[]},&quot;_transform_translateY_effect_mobile&quot;:{&quot;unit&quot;:&quot;px&quot;,&quot;size&quot;:-50,&quot;sizes&quot;:[]},&quot;_transform_translateX_effect&quot;:{&quot;unit&quot;:&quot;px&quot;,&quot;size&quot;:&quot;&quot;,&quot;sizes&quot;:[]},&quot;_transform_translateX_effect_tablet&quot;:{&quot;unit&quot;:&quot;px&quot;,&quot;size&quot;:&quot;&quot;,&quot;sizes&quot;:[]},&quot;_transform_translateX_effect_mobile&quot;:{&quot;unit&quot;:&quot;px&quot;,&quot;size&quot;:&quot;&quot;,&quot;sizes&quot;:[]},&quot;_transform_translateY_effect_tablet&quot;:{&quot;unit&quot;:&quot;px&quot;,&quot;size&quot;:&quot;&quot;,&quot;sizes&quot;:[]}}\" data-widget_type=\"image.default\">\n\t\t\t\t<div class=\"elementor-widget-container\">\n\t\t\t\t\t\t\t\t\t\t\t\t\t\t\t\t<a href=\"ma&#105;&#108;&#116;&#x6f;&#x3a;&#x72;&#x65;&#x40;jo&#111;&#115;&#119;&#x6f;&#x6c;&#x66;&#x61;&#x6e;ge&#108;&#46;&#99;&#x68;\">\n\t\t\t\t\t\t\t<img decoding=\"async\" width=\"405\" height=\"218\" src=\"https:\/\/neverstopdreaming.jooswolfangel.ch\/wp-content\/uploads\/2025\/07\/Btn-start-now.png\" class=\"attachment-full size-full wp-image-3162\" alt=\"Button-start-now\" srcset=\"https:\/\/neverstopdreaming.jooswolfangel.ch\/wp-content\/uploads\/2025\/07\/Btn-start-now.png 405w, https:\/\/neverstopdreaming.jooswolfangel.ch\/wp-content\/uploads\/2025\/07\/Btn-start-now-300x161.png 300w\" sizes=\"(max-width: 405px) 100vw, 405px\" \/>\t\t\t\t\t\t\t\t<\/a>\n\t\t\t\t\t\t\t\t\t\t\t\t\t\t\t<\/div>\n\t\t\t\t<\/div>\n\t\t\t\t<div class=\"elementor-element elementor-element-4bc08b2 elementor-widget elementor-widget-text-editor\" data-id=\"4bc08b2\" data-element_type=\"widget\" data-e-type=\"widget\" data-widget_type=\"text-editor.default\">\n\t\t\t\t<div class=\"elementor-widget-container\">\n\t\t\t\t\t\t\t\t\t<pre>In einem unverbindlichen Erstgespr\u00e4ch werfen wir einen Blick auf das Thema, die Ziele sowie meine Beratungsleistung. Eine Beratung kann aus einer Sitzung oder mehreren Treffen bestehen.<\/pre><p>Auf Anfrage erstelle ich gerne eine Offerte. F\u00fcr Studierende, ALV-, AHV-Bez\u00fcger:innen und gemeinn\u00fctzige Organisationen gelten reduzierte Ans\u00e4tze.<\/p>\t\t\t\t\t\t\t\t<\/div>\n\t\t\t\t<\/div>\n\t\t\t\t<\/div>\n\t\t\t\t\t<\/div>\n\t\t\t\t<\/div>\n\t\t<div class=\"elementor-element elementor-element-9067dff e-flex e-con-boxed e-con e-parent\" data-id=\"9067dff\" data-element_type=\"container\" data-e-type=\"container\">\n\t\t\t\t\t<div class=\"e-con-inner\">\n\t\t\t\t\t<\/div>\n\t\t\t\t<\/div>\n\t\t\t\t<\/div>\n\t\t","protected":false},"excerpt":{"rendered":"<p>start now. Ob ganz zu Beginn eines kreativen Prozesses oder mitten drin, manchmal braucht es ein Gespr\u00e4ch, das Raum \u00f6ffnet: Raum f\u00fcr neue M\u00f6glichkeiten, f\u00fcr frische Ideen, f\u00fcr den n\u00e4chsten Schritt. Eine gestaltende oder \u00e4sthetisch orientierte Beratung eignet sich f\u00fcr alle, die sich fragen: Wie geht es weiter? Was kann entstehen? Was will jetzt sichtbar [&hellip;]<\/p>\n","protected":false},"author":1,"featured_media":0,"parent":0,"menu_order":50,"comment_status":"closed","ping_status":"closed","template":"","meta":{"footnotes":""},"class_list":["post-37","page","type-page","status-publish","hentry"],"_links":{"self":[{"href":"https:\/\/neverstopdreaming.jooswolfangel.ch\/index.php?rest_route=\/wp\/v2\/pages\/37","targetHints":{"allow":["GET"]}}],"collection":[{"href":"https:\/\/neverstopdreaming.jooswolfangel.ch\/index.php?rest_route=\/wp\/v2\/pages"}],"about":[{"href":"https:\/\/neverstopdreaming.jooswolfangel.ch\/index.php?rest_route=\/wp\/v2\/types\/page"}],"author":[{"embeddable":true,"href":"https:\/\/neverstopdreaming.jooswolfangel.ch\/index.php?rest_route=\/wp\/v2\/users\/1"}],"replies":[{"embeddable":true,"href":"https:\/\/neverstopdreaming.jooswolfangel.ch\/index.php?rest_route=%2Fwp%2Fv2%2Fcomments&post=37"}],"version-history":[{"count":0,"href":"https:\/\/neverstopdreaming.jooswolfangel.ch\/index.php?rest_route=\/wp\/v2\/pages\/37\/revisions"}],"wp:attachment":[{"href":"https:\/\/neverstopdreaming.jooswolfangel.ch\/index.php?rest_route=%2Fwp%2Fv2%2Fmedia&parent=37"}],"curies":[{"name":"wp","href":"https:\/\/api.w.org\/{rel}","templated":true}]}}