{"id":36,"date":"2025-05-29T20:47:42","date_gmt":"2025-05-29T20:47:42","guid":{"rendered":"https:\/\/neverstopdreaming.jooswolfangel.ch\/?page_id=36"},"modified":"2025-09-08T08:46:24","modified_gmt":"2025-09-08T08:46:24","slug":"profil","status":"publish","type":"page","link":"https:\/\/neverstopdreaming.jooswolfangel.ch\/?page_id=36","title":{"rendered":"profil"},"content":{"rendered":"\t\t<div data-elementor-type=\"wp-page\" data-elementor-id=\"36\" class=\"elementor elementor-36\" data-elementor-post-type=\"page\">\n\t\t\t\t<div class=\"elementor-element elementor-element-4e0fabf e-flex e-con-boxed e-con e-parent\" data-id=\"4e0fabf\" data-element_type=\"container\" data-e-type=\"container\">\n\t\t\t\t\t<div class=\"e-con-inner\">\n\t\t\t\t<div class=\"elementor-element elementor-element-82bb94e elementor-widget elementor-widget-text-editor\" data-id=\"82bb94e\" data-element_type=\"widget\" data-e-type=\"widget\" data-widget_type=\"text-editor.default\">\n\t\t\t\t<div class=\"elementor-widget-container\">\n\t\t\t\t\t\t\t\t\t<p style=\"font-weight: 600; text-align: center;\">Kreativit\u00e4t\nist ansteckend,\ngib sie weiter.<\/p>\t\t\t\t\t\t\t\t<\/div>\n\t\t\t\t<\/div>\n\t\t\t\t<div class=\"elementor-element elementor-element-c8835ef elementor-widget elementor-widget-text-editor\" data-id=\"c8835ef\" data-element_type=\"widget\" data-e-type=\"widget\" data-widget_type=\"text-editor.default\">\n\t\t\t\t<div class=\"elementor-widget-container\">\n\t\t\t\t\t\t\t\t\t<p style=\"text-align: center;\">Albert Einstein<\/p>\t\t\t\t\t\t\t\t<\/div>\n\t\t\t\t<\/div>\n\t\t\t\t\t<\/div>\n\t\t\t\t<\/div>\n\t\t<div class=\"elementor-element elementor-element-7da54f4c e-flex e-con-boxed e-con e-parent\" data-id=\"7da54f4c\" data-element_type=\"container\" data-e-type=\"container\">\n\t\t\t\t\t<div class=\"e-con-inner\">\n\t\t<div class=\"elementor-element elementor-element-35ec68ee e-con-full e-flex e-con e-child\" data-id=\"35ec68ee\" data-element_type=\"container\" data-e-type=\"container\">\n\t\t\t\t<div class=\"elementor-element elementor-element-6e9c1dd elementor-widget elementor-widget-image\" data-id=\"6e9c1dd\" data-element_type=\"widget\" data-e-type=\"widget\" data-widget_type=\"image.default\">\n\t\t\t\t<div class=\"elementor-widget-container\">\n\t\t\t\t\t\t\t\t\t\t\t\t<figure class=\"wp-caption\">\n\t\t\t\t\t\t\t\t\t\t<img fetchpriority=\"high\" decoding=\"async\" width=\"2004\" height=\"2483\" src=\"https:\/\/neverstopdreaming.jooswolfangel.ch\/wp-content\/uploads\/2025\/06\/re_close-scaled-e1752489186496.jpg\" class=\"attachment-full size-full wp-image-618\" alt=\"Renate Wolfangel Portr\u00e4t\" srcset=\"https:\/\/neverstopdreaming.jooswolfangel.ch\/wp-content\/uploads\/2025\/06\/re_close-scaled-e1752489186496.jpg 2004w, https:\/\/neverstopdreaming.jooswolfangel.ch\/wp-content\/uploads\/2025\/06\/re_close-scaled-e1752489186496-242x300.jpg 242w, https:\/\/neverstopdreaming.jooswolfangel.ch\/wp-content\/uploads\/2025\/06\/re_close-scaled-e1752489186496-826x1024.jpg 826w, https:\/\/neverstopdreaming.jooswolfangel.ch\/wp-content\/uploads\/2025\/06\/re_close-scaled-e1752489186496-768x952.jpg 768w, https:\/\/neverstopdreaming.jooswolfangel.ch\/wp-content\/uploads\/2025\/06\/re_close-scaled-e1752489186496-1240x1536.jpg 1240w, https:\/\/neverstopdreaming.jooswolfangel.ch\/wp-content\/uploads\/2025\/06\/re_close-scaled-e1752489186496-1653x2048.jpg 1653w\" sizes=\"(max-width: 2004px) 100vw, 2004px\" \/>\t\t\t\t\t\t\t\t\t\t\t<figcaption class=\"widget-image-caption wp-caption-text\">Renate Wolfangel<\/figcaption>\n\t\t\t\t\t\t\t\t\t\t<\/figure>\n\t\t\t\t\t\t\t\t\t<\/div>\n\t\t\t\t<\/div>\n\t\t\t\t<\/div>\n\t\t<div class=\"elementor-element elementor-element-53145c00 e-con-full e-flex e-con e-child\" data-id=\"53145c00\" data-element_type=\"container\" data-e-type=\"container\">\n\t\t\t\t<div class=\"elementor-element elementor-element-5f1024b6 elementor-widget elementor-widget-text-editor\" data-id=\"5f1024b6\" data-element_type=\"widget\" data-e-type=\"widget\" data-widget_type=\"text-editor.default\">\n\t\t\t\t<div class=\"elementor-widget-container\">\n\t\t\t\t\t\t\t\t\t<p style=\"font-weight: 400;\">Mein Weg f\u00fchrte mich von der Kommunikationsberatung und Projektbegleitung hin zur \u00e4sthetisch orientierten Beratung und zum Kreativit\u00e4tscoaching. Als Beraterin in Agenturen, Marketingabteilungen und seit 30 Jahren als selbst\u00e4ndige gestaltende Beraterin im eigenen Atelier <a href=\"http:\/\/www.jooswolfangel.ch\" target=\"_blank\" rel=\"noopener\">JoosWolfangel <\/a>realisierte ich Projekte und Kampagnen f\u00fcr nationale wie auch internationale Firmen. Ich kenne die Anforderungen an die Ideenentwicklung, Konzept, Text, Planung, Projektorganisation und Umsetzung sowohl f\u00fcr Kundenauftr\u00e4ge wie auch f\u00fcr eigene Projekte.<\/p><p>In dieser Zeit entwickelte ich Strategien, um im Arbeitsalltag kreativ, motiviert und gelassen zu bleiben. Mein Wissen rund um Kreativit\u00e4t und Kommunikation gebe ich gern an andere weiter.<\/p>\t\t\t\t\t\t\t\t<\/div>\n\t\t\t\t<\/div>\n\t\t\t\t<div class=\"elementor-element elementor-element-4a2a180 e-transform elementor-widget elementor-widget-text-editor\" data-id=\"4a2a180\" data-element_type=\"widget\" data-e-type=\"widget\" data-settings=\"{&quot;_transform_translateX_effect_mobile&quot;:{&quot;unit&quot;:&quot;px&quot;,&quot;size&quot;:-45,&quot;sizes&quot;:[]},&quot;_transform_translateX_effect&quot;:{&quot;unit&quot;:&quot;px&quot;,&quot;size&quot;:&quot;&quot;,&quot;sizes&quot;:[]},&quot;_transform_translateX_effect_tablet&quot;:{&quot;unit&quot;:&quot;px&quot;,&quot;size&quot;:&quot;&quot;,&quot;sizes&quot;:[]},&quot;_transform_translateY_effect&quot;:{&quot;unit&quot;:&quot;px&quot;,&quot;size&quot;:&quot;&quot;,&quot;sizes&quot;:[]},&quot;_transform_translateY_effect_tablet&quot;:{&quot;unit&quot;:&quot;px&quot;,&quot;size&quot;:&quot;&quot;,&quot;sizes&quot;:[]},&quot;_transform_translateY_effect_mobile&quot;:{&quot;unit&quot;:&quot;px&quot;,&quot;size&quot;:&quot;&quot;,&quot;sizes&quot;:[]}}\" data-widget_type=\"text-editor.default\">\n\t\t\t\t<div class=\"elementor-widget-container\">\n\t\t\t\t\t\t\t\t\t<pre><strong>CAS Kreativit\u00e4ts-Coaching<\/strong> <br \/>ZHdK Z\u00fcrcher Hochschule der K\u00fcnste<\/pre><pre><strong>CAS Creationship<\/strong> <br \/>ZHdK Z\u00fcrcher Hochschule der K\u00fcnste<\/pre><pre><strong>ZRM Z\u00fcrcher Ressourcenmodell<\/strong> <br \/>Grund- und Aufbaukurs, EB Z\u00fcrich<\/pre><pre><strong>Konzept und Text<\/strong> <br \/>EB Z\u00fcrich<\/pre><pre><strong>Marketingplanung<\/strong> <br \/>SAWI Biel<\/pre><pre><strong>Kommunikationsplanung<\/strong> <br \/>SAWI Biel<\/pre>\t\t\t\t\t\t\t\t<\/div>\n\t\t\t\t<\/div>\n\t\t\t\t<\/div>\n\t\t\t\t\t<\/div>\n\t\t\t\t<\/div>\n\t\t\t\t<\/div>\n\t\t","protected":false},"excerpt":{"rendered":"<p>Kreativit\u00e4t ist ansteckend, gib sie weiter. Albert Einstein Renate Wolfangel Mein Weg f\u00fchrte mich von der Kommunikationsberatung und Projektbegleitung hin zur \u00e4sthetisch orientierten Beratung und zum Kreativit\u00e4tscoaching. Als Beraterin in Agenturen, Marketingabteilungen und seit 30 Jahren als selbst\u00e4ndige gestaltende Beraterin im eigenen Atelier JoosWolfangel realisierte ich Projekte und Kampagnen f\u00fcr nationale wie auch internationale Firmen. [&hellip;]<\/p>\n","protected":false},"author":1,"featured_media":0,"parent":0,"menu_order":40,"comment_status":"closed","ping_status":"closed","template":"","meta":{"footnotes":""},"class_list":["post-36","page","type-page","status-publish","hentry"],"_links":{"self":[{"href":"https:\/\/neverstopdreaming.jooswolfangel.ch\/index.php?rest_route=\/wp\/v2\/pages\/36","targetHints":{"allow":["GET"]}}],"collection":[{"href":"https:\/\/neverstopdreaming.jooswolfangel.ch\/index.php?rest_route=\/wp\/v2\/pages"}],"about":[{"href":"https:\/\/neverstopdreaming.jooswolfangel.ch\/index.php?rest_route=\/wp\/v2\/types\/page"}],"author":[{"embeddable":true,"href":"https:\/\/neverstopdreaming.jooswolfangel.ch\/index.php?rest_route=\/wp\/v2\/users\/1"}],"replies":[{"embeddable":true,"href":"https:\/\/neverstopdreaming.jooswolfangel.ch\/index.php?rest_route=%2Fwp%2Fv2%2Fcomments&post=36"}],"version-history":[{"count":0,"href":"https:\/\/neverstopdreaming.jooswolfangel.ch\/index.php?rest_route=\/wp\/v2\/pages\/36\/revisions"}],"wp:attachment":[{"href":"https:\/\/neverstopdreaming.jooswolfangel.ch\/index.php?rest_route=%2Fwp%2Fv2%2Fmedia&parent=36"}],"curies":[{"name":"wp","href":"https:\/\/api.w.org\/{rel}","templated":true}]}}