{"id":35,"date":"2025-05-29T20:47:42","date_gmt":"2025-05-29T20:47:42","guid":{"rendered":"https:\/\/neverstopdreaming.jooswolfangel.ch\/?page_id=35"},"modified":"2025-11-21T12:49:16","modified_gmt":"2025-11-21T12:49:16","slug":"workshop","status":"publish","type":"page","link":"https:\/\/neverstopdreaming.jooswolfangel.ch\/?page_id=35","title":{"rendered":"workshop"},"content":{"rendered":"\t\t<div data-elementor-type=\"wp-page\" data-elementor-id=\"35\" class=\"elementor elementor-35\" data-elementor-post-type=\"page\">\n\t\t\t\t<div class=\"elementor-element elementor-element-75e3d698 e-flex e-con-boxed e-con e-parent\" data-id=\"75e3d698\" data-element_type=\"container\" data-e-type=\"container\">\n\t\t\t\t\t<div class=\"e-con-inner\">\n\t\t<div class=\"elementor-element elementor-element-b684a79 e-con-full e-flex e-con e-child\" data-id=\"b684a79\" data-element_type=\"container\" data-e-type=\"container\">\n\t\t\t\t<div class=\"elementor-element elementor-element-67ae204 elementor-widget elementor-widget-text-editor\" data-id=\"67ae204\" data-element_type=\"widget\" data-e-type=\"widget\" data-widget_type=\"text-editor.default\">\n\t\t\t\t<div class=\"elementor-widget-container\">\n\t\t\t\t\t\t\t\t\t<p style=\"font-weight: 600; text-align: center;\">In einer Welt st\u00e4ndigen Wandels stellen gute Fragen eine eigentliche\nKnappheit dar.<\/p>\t\t\t\t\t\t\t\t<\/div>\n\t\t\t\t<\/div>\n\t\t\t\t<div class=\"elementor-element elementor-element-852cf1f elementor-widget elementor-widget-text-editor\" data-id=\"852cf1f\" data-element_type=\"widget\" data-e-type=\"widget\" data-widget_type=\"text-editor.default\">\n\t\t\t\t<div class=\"elementor-widget-container\">\n\t\t\t\t\t\t\t\t\t<p style=\"text-align: center;\">Watts Wacker<\/p>\t\t\t\t\t\t\t\t<\/div>\n\t\t\t\t<\/div>\n\t\t\t\t<\/div>\n\t\t<div class=\"elementor-element elementor-element-7114ef68 e-con-full e-flex e-con e-child\" data-id=\"7114ef68\" data-element_type=\"container\" data-e-type=\"container\">\n\t\t\t\t<div class=\"elementor-element elementor-element-2173fd09 elementor-widget elementor-widget-text-editor\" data-id=\"2173fd09\" data-element_type=\"widget\" data-e-type=\"widget\" data-widget_type=\"text-editor.default\">\n\t\t\t\t<div class=\"elementor-widget-container\">\n\t\t\t\t\t\t\t\t\t<p>Im Mitmach-Projekt <a href=\"http:\/\/contemporaryquestions.ch\" target=\"_blank\" rel=\"noopener\"><span style=\"font-weight: 900;\">contemporary questions<\/span><\/a> sammle ich zeitgem\u00e4sse Fragen zu einer zukunftsf\u00e4higen Welt von vielen \u2013 ausschliesslich Fragen. Denn auf die komplexen Fragen unserer Zeit gibt es kaum klare Antworten. Die Fragen verschiedener Mitmenschen schaffen N\u00e4he, wecken Neugier, lassen Ideen entstehen und wirken verbindend.<\/p><p>Das Frage-Spiel mit ausgew\u00e4hlten Fragen aus der Sammlung macht den Puls der Zeit f\u00fchl- und sichtbar. Die 54 Fragen regen zum Nachdenken an und erm\u00f6glichen auf spielerische Weise Gespr\u00e4che zu aktuellen Themen.<\/p><p>Das Kartenset ist ein ideales Tool f\u00fcr Workshops mit Schulklassen, Teams, Senior:innen oder Menschen aus verschiedenen Kulturen. Gemeinsam k\u00f6nnen weitere Fragen gesammelt und diskutiert werden.<\/p>\t\t\t\t\t\t\t\t<\/div>\n\t\t\t\t<\/div>\n\t\t<div class=\"elementor-element elementor-element-e90b027 e-grid e-con-full e-con e-child\" data-id=\"e90b027\" data-element_type=\"container\" data-e-type=\"container\">\n\t\t\t\t<div class=\"elementor-element elementor-element-8d7f830 elementor-widget elementor-widget-image\" data-id=\"8d7f830\" data-element_type=\"widget\" data-e-type=\"widget\" data-widget_type=\"image.default\">\n\t\t\t\t<div class=\"elementor-widget-container\">\n\t\t\t\t\t\t\t\t\t\t\t\t\t\t\t\t<a href=\"https:\/\/neverstopdreaming.jooswolfangel.ch\/wp-content\/uploads\/2025\/06\/CQ_Fragenset_I-scaled.jpg\" data-elementor-open-lightbox=\"yes\" data-elementor-lightbox-title=\"Kartenset \u2014contemporary questions\" data-elementor-lightbox-description=\"Kartenset \u2014contemporary questions\" data-e-action-hash=\"#elementor-action%3Aaction%3Dlightbox%26settings%3DeyJpZCI6NTc3LCJ1cmwiOiJodHRwczpcL1wvbmV2ZXJzdG9wZHJlYW1pbmcuam9vc3dvbGZhbmdlbC5jaFwvd3AtY29udGVudFwvdXBsb2Fkc1wvMjAyNVwvMDZcL0NRX0ZyYWdlbnNldF9JLXNjYWxlZC5qcGcifQ%3D%3D\">\n\t\t\t\t\t\t\t<img fetchpriority=\"high\" decoding=\"async\" width=\"2560\" height=\"1920\" src=\"https:\/\/neverstopdreaming.jooswolfangel.ch\/wp-content\/uploads\/2025\/06\/CQ_Fragenset_I-scaled.jpg\" class=\"attachment-full size-full wp-image-577\" alt=\"Kartenset \u2014contemporary questions\" srcset=\"https:\/\/neverstopdreaming.jooswolfangel.ch\/wp-content\/uploads\/2025\/06\/CQ_Fragenset_I-scaled.jpg 2560w, https:\/\/neverstopdreaming.jooswolfangel.ch\/wp-content\/uploads\/2025\/06\/CQ_Fragenset_I-300x225.jpg 300w, https:\/\/neverstopdreaming.jooswolfangel.ch\/wp-content\/uploads\/2025\/06\/CQ_Fragenset_I-1024x768.jpg 1024w, https:\/\/neverstopdreaming.jooswolfangel.ch\/wp-content\/uploads\/2025\/06\/CQ_Fragenset_I-768x576.jpg 768w, https:\/\/neverstopdreaming.jooswolfangel.ch\/wp-content\/uploads\/2025\/06\/CQ_Fragenset_I-1536x1152.jpg 1536w, https:\/\/neverstopdreaming.jooswolfangel.ch\/wp-content\/uploads\/2025\/06\/CQ_Fragenset_I-2048x1536.jpg 2048w\" sizes=\"(max-width: 2560px) 100vw, 2560px\" \/>\t\t\t\t\t\t\t\t<\/a>\n\t\t\t\t\t\t\t\t\t\t\t\t\t\t\t<\/div>\n\t\t\t\t<\/div>\n\t\t\t\t<div class=\"elementor-element elementor-element-319ce10 elementor-widget elementor-widget-image\" data-id=\"319ce10\" data-element_type=\"widget\" data-e-type=\"widget\" data-widget_type=\"image.default\">\n\t\t\t\t<div class=\"elementor-widget-container\">\n\t\t\t\t\t\t\t\t\t\t\t\t\t\t\t\t<a href=\"https:\/\/neverstopdreaming.jooswolfangel.ch\/wp-content\/uploads\/2025\/06\/CQ_Fragenset_II-scaled.jpg\" data-elementor-open-lightbox=\"yes\" data-elementor-lightbox-title=\"Fragekarten \u2014 Contemporary Questions\" data-elementor-lightbox-description=\"Fragekarten \u2014 Contemporary Questions\" data-e-action-hash=\"#elementor-action%3Aaction%3Dlightbox%26settings%3DeyJpZCI6NTc4LCJ1cmwiOiJodHRwczpcL1wvbmV2ZXJzdG9wZHJlYW1pbmcuam9vc3dvbGZhbmdlbC5jaFwvd3AtY29udGVudFwvdXBsb2Fkc1wvMjAyNVwvMDZcL0NRX0ZyYWdlbnNldF9JSS1zY2FsZWQuanBnIn0%3D\">\n\t\t\t\t\t\t\t<img decoding=\"async\" width=\"2560\" height=\"1920\" src=\"https:\/\/neverstopdreaming.jooswolfangel.ch\/wp-content\/uploads\/2025\/06\/CQ_Fragenset_II-scaled.jpg\" class=\"attachment-full size-full wp-image-578\" alt=\"Fragekarten \u2014 Contemporary Questions\" srcset=\"https:\/\/neverstopdreaming.jooswolfangel.ch\/wp-content\/uploads\/2025\/06\/CQ_Fragenset_II-scaled.jpg 2560w, https:\/\/neverstopdreaming.jooswolfangel.ch\/wp-content\/uploads\/2025\/06\/CQ_Fragenset_II-300x225.jpg 300w, https:\/\/neverstopdreaming.jooswolfangel.ch\/wp-content\/uploads\/2025\/06\/CQ_Fragenset_II-1024x768.jpg 1024w, https:\/\/neverstopdreaming.jooswolfangel.ch\/wp-content\/uploads\/2025\/06\/CQ_Fragenset_II-768x576.jpg 768w, https:\/\/neverstopdreaming.jooswolfangel.ch\/wp-content\/uploads\/2025\/06\/CQ_Fragenset_II-1536x1152.jpg 1536w, https:\/\/neverstopdreaming.jooswolfangel.ch\/wp-content\/uploads\/2025\/06\/CQ_Fragenset_II-2048x1536.jpg 2048w\" sizes=\"(max-width: 2560px) 100vw, 2560px\" \/>\t\t\t\t\t\t\t\t<\/a>\n\t\t\t\t\t\t\t\t\t\t\t\t\t\t\t<\/div>\n\t\t\t\t<\/div>\n\t\t\t\t<div class=\"elementor-element elementor-element-d482b72 elementor-widget elementor-widget-text-editor\" data-id=\"d482b72\" data-element_type=\"widget\" data-e-type=\"widget\" data-widget_type=\"text-editor.default\">\n\t\t\t\t<div class=\"elementor-widget-container\">\n\t\t\t\t\t\t\t\t\t<p>\u00a0<\/p><p><strong>Fragen \u00fcber Fragen.<\/strong> Gerne begleite ich Workshops oder Gespr\u00e4chsrunden mit den Contemporary Questions. Sie bringen verschiedene Menschen ganz spielerisch ins Gespr\u00e4ch. Gemeinsam k\u00f6nnen Fragen zu speziellen Themen entwickelt und diskutiert werden.<\/p>\t\t\t\t\t\t\t\t<\/div>\n\t\t\t\t<\/div>\n\t\t\t\t<div class=\"elementor-element elementor-element-9c94b79 elementor-widget elementor-widget-image\" data-id=\"9c94b79\" data-element_type=\"widget\" data-e-type=\"widget\" data-widget_type=\"image.default\">\n\t\t\t\t<div class=\"elementor-widget-container\">\n\t\t\t\t\t\t\t\t\t\t\t\t\t\t\t\t<a href=\"https:\/\/neverstopdreaming.jooswolfangel.ch\/?page_id=37\">\n\t\t\t\t\t\t\t<img decoding=\"async\" width=\"500\" height=\"192\" src=\"https:\/\/neverstopdreaming.jooswolfangel.ch\/wp-content\/uploads\/2025\/07\/Btn-2-any-Q.png\" class=\"attachment-full size-full wp-image-1763\" alt=\"Btn-2-any-questions?\" srcset=\"https:\/\/neverstopdreaming.jooswolfangel.ch\/wp-content\/uploads\/2025\/07\/Btn-2-any-Q.png 500w, https:\/\/neverstopdreaming.jooswolfangel.ch\/wp-content\/uploads\/2025\/07\/Btn-2-any-Q-300x115.png 300w\" sizes=\"(max-width: 500px) 100vw, 500px\" \/>\t\t\t\t\t\t\t\t<\/a>\n\t\t\t\t\t\t\t\t\t\t\t\t\t\t\t<\/div>\n\t\t\t\t<\/div>\n\t\t\t\t<\/div>\n\t\t\t\t<\/div>\n\t\t\t\t\t<\/div>\n\t\t\t\t<\/div>\n\t\t<div class=\"elementor-element elementor-element-c40d841 e-grid e-transform e-con-full e-con e-parent\" data-id=\"c40d841\" data-element_type=\"container\" data-e-type=\"container\" data-settings=\"{&quot;_transform_translateX_effect&quot;:{&quot;unit&quot;:&quot;px&quot;,&quot;size&quot;:&quot;&quot;,&quot;sizes&quot;:[]},&quot;_transform_translateX_effect_tablet&quot;:{&quot;unit&quot;:&quot;px&quot;,&quot;size&quot;:&quot;&quot;,&quot;sizes&quot;:[]},&quot;_transform_translateX_effect_mobile&quot;:{&quot;unit&quot;:&quot;px&quot;,&quot;size&quot;:&quot;&quot;,&quot;sizes&quot;:[]},&quot;_transform_translateY_effect&quot;:{&quot;unit&quot;:&quot;px&quot;,&quot;size&quot;:&quot;&quot;,&quot;sizes&quot;:[]},&quot;_transform_translateY_effect_tablet&quot;:{&quot;unit&quot;:&quot;px&quot;,&quot;size&quot;:&quot;&quot;,&quot;sizes&quot;:[]},&quot;_transform_translateY_effect_mobile&quot;:{&quot;unit&quot;:&quot;px&quot;,&quot;size&quot;:&quot;&quot;,&quot;sizes&quot;:[]}}\">\n\t\t\t\t<div class=\"elementor-element elementor-element-53efd52 elementor-widget elementor-widget-text-editor\" data-id=\"53efd52\" data-element_type=\"widget\" data-e-type=\"widget\" data-widget_type=\"text-editor.default\">\n\t\t\t\t<div class=\"elementor-widget-container\">\n\t\t\t\t\t\t\t\t\t<h3><strong>in action<\/strong><\/h3>\t\t\t\t\t\t\t\t<\/div>\n\t\t\t\t<\/div>\n\t\t\t\t<div class=\"elementor-element elementor-element-10fd062 elementor-widget elementor-widget-text-editor\" data-id=\"10fd062\" data-element_type=\"widget\" data-e-type=\"widget\" data-widget_type=\"text-editor.default\">\n\t\t\t\t<div class=\"elementor-widget-container\">\n\t\t\t\t\t\t\t\t\t&nbsp;\t\t\t\t\t\t\t\t<\/div>\n\t\t\t\t<\/div>\n\t\t\t\t<div class=\"elementor-element elementor-element-4c70eb7 elementor-hidden-mobile elementor-widget elementor-widget-text-editor\" data-id=\"4c70eb7\" data-element_type=\"widget\" data-e-type=\"widget\" data-widget_type=\"text-editor.default\">\n\t\t\t\t<div class=\"elementor-widget-container\">\n\t\t\t\t\t\t\t\t\t&nbsp;\t\t\t\t\t\t\t\t<\/div>\n\t\t\t\t<\/div>\n\t\t\t\t<div class=\"elementor-element elementor-element-57dbf86 elementor-widget elementor-widget-text-editor\" data-id=\"57dbf86\" data-element_type=\"widget\" data-e-type=\"widget\" data-widget_type=\"text-editor.default\">\n\t\t\t\t<div class=\"elementor-widget-container\">\n\t\t\t\t\t\t\t\t\t<pre><strong>M\u00e4rz 2024<\/strong><\/pre><p>\u00a0<\/p>\t\t\t\t\t\t\t\t<\/div>\n\t\t\t\t<\/div>\n\t\t\t\t<div class=\"elementor-element elementor-element-9b32697 elementor-widget elementor-widget-text-editor\" data-id=\"9b32697\" data-element_type=\"widget\" data-e-type=\"widget\" data-widget_type=\"text-editor.default\">\n\t\t\t\t<div class=\"elementor-widget-container\">\n\t\t\t\t\t\t\t\t\t<pre>Collab mit Verein InArtes Intermediale Kunsttherapie \u2013 Fragen-Workshop mit 6. Klasse<\/pre>\t\t\t\t\t\t\t\t<\/div>\n\t\t\t\t<\/div>\n\t\t\t\t<div class=\"elementor-element elementor-element-4413214 elementor-hidden-mobile elementor-widget elementor-widget-text-editor\" data-id=\"4413214\" data-element_type=\"widget\" data-e-type=\"widget\" data-widget_type=\"text-editor.default\">\n\t\t\t\t<div class=\"elementor-widget-container\">\n\t\t\t\t\t\t\t\t\t&nbsp;\t\t\t\t\t\t\t\t<\/div>\n\t\t\t\t<\/div>\n\t\t\t\t<div class=\"elementor-element elementor-element-6547b3f elementor-widget elementor-widget-text-editor\" data-id=\"6547b3f\" data-element_type=\"widget\" data-e-type=\"widget\" data-widget_type=\"text-editor.default\">\n\t\t\t\t<div class=\"elementor-widget-container\">\n\t\t\t\t\t\t\t\t\t<pre><strong>August 2024<\/strong><\/pre>\t\t\t\t\t\t\t\t<\/div>\n\t\t\t\t<\/div>\n\t\t\t\t<div class=\"elementor-element elementor-element-c158362 elementor-widget elementor-widget-text-editor\" data-id=\"c158362\" data-element_type=\"widget\" data-e-type=\"widget\" data-widget_type=\"text-editor.default\">\n\t\t\t\t<div class=\"elementor-widget-container\">\n\t\t\t\t\t\t\t\t\t<pre>Residenz bei \u00abKunst im Depot\u00bb, Winterthur \u2014 die Fragen von vielen wurden sichtbar<\/pre>\t\t\t\t\t\t\t\t<\/div>\n\t\t\t\t<\/div>\n\t\t\t\t<div class=\"elementor-element elementor-element-b8e4228 elementor-hidden-mobile elementor-widget elementor-widget-text-editor\" data-id=\"b8e4228\" data-element_type=\"widget\" data-e-type=\"widget\" data-widget_type=\"text-editor.default\">\n\t\t\t\t<div class=\"elementor-widget-container\">\n\t\t\t\t\t\t\t\t\t&nbsp;\t\t\t\t\t\t\t\t<\/div>\n\t\t\t\t<\/div>\n\t\t\t\t<div class=\"elementor-element elementor-element-4b4e259 elementor-widget elementor-widget-text-editor\" data-id=\"4b4e259\" data-element_type=\"widget\" data-e-type=\"widget\" data-widget_type=\"text-editor.default\">\n\t\t\t\t<div class=\"elementor-widget-container\">\n\t\t\t\t\t\t\t\t\t<pre><strong>Oktober 2024<\/strong><\/pre>\t\t\t\t\t\t\t\t<\/div>\n\t\t\t\t<\/div>\n\t\t\t\t<div class=\"elementor-element elementor-element-21f196e elementor-widget elementor-widget-text-editor\" data-id=\"21f196e\" data-element_type=\"widget\" data-e-type=\"widget\" data-widget_type=\"text-editor.default\">\n\t\t\t\t<div class=\"elementor-widget-container\">\n\t\t\t\t\t\t\t\t\t<pre>Gemeinschaftsausstellung \u00abKunst im Depot\u00bb, Winterthur zum Thema<br \/>\u00abre:formation \u2013 Wandel und soziale Hoffnung\u00bb<\/pre>\t\t\t\t\t\t\t\t<\/div>\n\t\t\t\t<\/div>\n\t\t\t\t<div class=\"elementor-element elementor-element-9ddfdaa elementor-hidden-mobile elementor-widget elementor-widget-text-editor\" data-id=\"9ddfdaa\" data-element_type=\"widget\" data-e-type=\"widget\" data-widget_type=\"text-editor.default\">\n\t\t\t\t<div class=\"elementor-widget-container\">\n\t\t\t\t\t\t\t\t\t&nbsp;\t\t\t\t\t\t\t\t<\/div>\n\t\t\t\t<\/div>\n\t\t\t\t<div class=\"elementor-element elementor-element-dd699ae elementor-widget elementor-widget-text-editor\" data-id=\"dd699ae\" data-element_type=\"widget\" data-e-type=\"widget\" data-widget_type=\"text-editor.default\">\n\t\t\t\t<div class=\"elementor-widget-container\">\n\t\t\t\t\t\t\t\t\t<pre><strong>Oktober 2024<\/strong><\/pre>\t\t\t\t\t\t\t\t<\/div>\n\t\t\t\t<\/div>\n\t\t\t\t<div class=\"elementor-element elementor-element-6daea68 elementor-widget elementor-widget-text-editor\" data-id=\"6daea68\" data-element_type=\"widget\" data-e-type=\"widget\" data-widget_type=\"text-editor.default\">\n\t\t\t\t<div class=\"elementor-widget-container\">\n\t\t\t\t\t\t\t\t\t<pre>Contemporary Questions wirkt mit in der Kirche Mattenbach, Winterthur<\/pre><pre>Premi\u00e9re Contemporary Questions Kartenspiel anl\u00e4sslich der \u00f6ffentlichen Gespr\u00e4chsrunde \u00abre:formation - Wandel und soziale Hoffnung\u00bb <\/pre>\t\t\t\t\t\t\t\t<\/div>\n\t\t\t\t<\/div>\n\t\t\t\t<\/div>\n\t\t\t\t<\/div>\n\t\t","protected":false},"excerpt":{"rendered":"<p>In einer Welt st\u00e4ndigen Wandels stellen gute Fragen eine eigentliche Knappheit dar. Watts Wacker Im Mitmach-Projekt contemporary questions sammle ich zeitgem\u00e4sse Fragen zu einer zukunftsf\u00e4higen Welt von vielen \u2013 ausschliesslich Fragen. Denn auf die komplexen Fragen unserer Zeit gibt es kaum klare Antworten. Die Fragen verschiedener Mitmenschen schaffen N\u00e4he, wecken Neugier, lassen Ideen entstehen und [&hellip;]<\/p>\n","protected":false},"author":1,"featured_media":0,"parent":0,"menu_order":30,"comment_status":"closed","ping_status":"closed","template":"","meta":{"footnotes":""},"class_list":["post-35","page","type-page","status-publish","hentry"],"_links":{"self":[{"href":"https:\/\/neverstopdreaming.jooswolfangel.ch\/index.php?rest_route=\/wp\/v2\/pages\/35","targetHints":{"allow":["GET"]}}],"collection":[{"href":"https:\/\/neverstopdreaming.jooswolfangel.ch\/index.php?rest_route=\/wp\/v2\/pages"}],"about":[{"href":"https:\/\/neverstopdreaming.jooswolfangel.ch\/index.php?rest_route=\/wp\/v2\/types\/page"}],"author":[{"embeddable":true,"href":"https:\/\/neverstopdreaming.jooswolfangel.ch\/index.php?rest_route=\/wp\/v2\/users\/1"}],"replies":[{"embeddable":true,"href":"https:\/\/neverstopdreaming.jooswolfangel.ch\/index.php?rest_route=%2Fwp%2Fv2%2Fcomments&post=35"}],"version-history":[{"count":0,"href":"https:\/\/neverstopdreaming.jooswolfangel.ch\/index.php?rest_route=\/wp\/v2\/pages\/35\/revisions"}],"wp:attachment":[{"href":"https:\/\/neverstopdreaming.jooswolfangel.ch\/index.php?rest_route=%2Fwp%2Fv2%2Fmedia&parent=35"}],"curies":[{"name":"wp","href":"https:\/\/api.w.org\/{rel}","templated":true}]}}