{"id":34,"date":"2025-05-29T20:47:42","date_gmt":"2025-05-29T20:47:42","guid":{"rendered":"https:\/\/neverstopdreaming.jooswolfangel.ch\/?page_id=34"},"modified":"2025-11-19T14:33:10","modified_gmt":"2025-11-19T14:33:10","slug":"beratung","status":"publish","type":"page","link":"https:\/\/neverstopdreaming.jooswolfangel.ch\/?page_id=34","title":{"rendered":"beratung"},"content":{"rendered":"\t\t<div data-elementor-type=\"wp-page\" data-elementor-id=\"34\" class=\"elementor elementor-34\" data-elementor-post-type=\"page\">\n\t\t\t\t<div class=\"elementor-element elementor-element-549bcc0 e-flex e-con-boxed e-con e-parent\" data-id=\"549bcc0\" data-element_type=\"container\" data-e-type=\"container\">\n\t\t\t\t\t<div class=\"e-con-inner\">\n\t\t<div class=\"elementor-element elementor-element-d6982ab e-con-full e-flex e-con e-child\" data-id=\"d6982ab\" data-element_type=\"container\" data-e-type=\"container\">\n\t\t\t\t<\/div>\n\t\t<div class=\"elementor-element elementor-element-e046dd6 e-con-full e-flex e-con e-child\" data-id=\"e046dd6\" data-element_type=\"container\" data-e-type=\"container\">\n\t\t\t\t<div class=\"elementor-element elementor-element-ebee27a elementor-widget elementor-widget-text-editor\" data-id=\"ebee27a\" data-element_type=\"widget\" data-e-type=\"widget\" data-widget_type=\"text-editor.default\">\n\t\t\t\t<div class=\"elementor-widget-container\">\n\t\t\t\t\t\t\t\t\t<p style=\"font-weight: 400;\"><strong>the future is now. genau jetzt. <\/strong>Der Fokus liegt auf der Gegenwart mit einem Blick in die Zukunft. Mit pr\u00e4zisen Fragen, kreativen Methoden und kunstanalogen Impulsen sch\u00e4rfen wir gemeinsam deine Wahrnehmung. Du entdeckst neue Sichtweisen und entwickelst Wege, das Kommende zu gestalten.<\/p>\t\t\t\t\t\t\t\t<\/div>\n\t\t\t\t<\/div>\n\t\t<div class=\"elementor-element elementor-element-d401da4 e-con-full e-flex e-con e-child\" data-id=\"d401da4\" data-element_type=\"container\" data-e-type=\"container\">\n\t\t\t\t<div class=\"elementor-element elementor-element-c405106 elementor-widget elementor-widget-text-editor\" data-id=\"c405106\" data-element_type=\"widget\" data-e-type=\"widget\" data-widget_type=\"text-editor.default\">\n\t\t\t\t<div class=\"elementor-widget-container\">\n\t\t\t\t\t\t\t\t\t<p style=\"font-weight: 600; text-align: center;\">Die Zukunft zeigt sich in uns &#8211; lange bevor sie eintritt.<\/p>\t\t\t\t\t\t\t\t<\/div>\n\t\t\t\t<\/div>\n\t\t\t\t<div class=\"elementor-element elementor-element-582e490 elementor-widget elementor-widget-text-editor\" data-id=\"582e490\" data-element_type=\"widget\" data-e-type=\"widget\" data-widget_type=\"text-editor.default\">\n\t\t\t\t<div class=\"elementor-widget-container\">\n\t\t\t\t\t\t\t\t\t<p style=\"text-align: center;\">Rainer Maria Rilke<\/p>\t\t\t\t\t\t\t\t<\/div>\n\t\t\t\t<\/div>\n\t\t\t\t<\/div>\n\t\t\t\t<div class=\"elementor-element elementor-element-dc0ec54 elementor-hidden-desktop elementor-hidden-tablet elementor-widget elementor-widget-image\" data-id=\"dc0ec54\" data-element_type=\"widget\" data-e-type=\"widget\" data-widget_type=\"image.default\">\n\t\t\t\t<div class=\"elementor-widget-container\">\n\t\t\t\t\t\t\t\t\t\t\t\t\t\t\t\t<a href=\"https:\/\/neverstopdreaming.jooswolfangel.ch\/wp-content\/uploads\/2025\/06\/atelier_II.jpg\" data-elementor-open-lightbox=\"yes\" data-elementor-lightbox-title=\"Besprechungsraum\" data-elementor-lightbox-description=\"Besprechungsraum\" data-e-action-hash=\"#elementor-action%3Aaction%3Dlightbox%26settings%3DeyJpZCI6NjE5LCJ1cmwiOiJodHRwczpcL1wvbmV2ZXJzdG9wZHJlYW1pbmcuam9vc3dvbGZhbmdlbC5jaFwvd3AtY29udGVudFwvdXBsb2Fkc1wvMjAyNVwvMDZcL2F0ZWxpZXJfSUkuanBnIn0%3D\">\n\t\t\t\t\t\t\t<img fetchpriority=\"high\" decoding=\"async\" width=\"2016\" height=\"1512\" src=\"https:\/\/neverstopdreaming.jooswolfangel.ch\/wp-content\/uploads\/2025\/06\/atelier_II.jpg\" class=\"attachment-full size-full wp-image-619\" alt=\"Besprechungsraum\" srcset=\"https:\/\/neverstopdreaming.jooswolfangel.ch\/wp-content\/uploads\/2025\/06\/atelier_II.jpg 2016w, https:\/\/neverstopdreaming.jooswolfangel.ch\/wp-content\/uploads\/2025\/06\/atelier_II-300x225.jpg 300w, https:\/\/neverstopdreaming.jooswolfangel.ch\/wp-content\/uploads\/2025\/06\/atelier_II-1024x768.jpg 1024w, https:\/\/neverstopdreaming.jooswolfangel.ch\/wp-content\/uploads\/2025\/06\/atelier_II-768x576.jpg 768w, https:\/\/neverstopdreaming.jooswolfangel.ch\/wp-content\/uploads\/2025\/06\/atelier_II-1536x1152.jpg 1536w\" sizes=\"(max-width: 2016px) 100vw, 2016px\" \/>\t\t\t\t\t\t\t\t<\/a>\n\t\t\t\t\t\t\t\t\t\t\t\t\t\t\t<\/div>\n\t\t\t\t<\/div>\n\t\t\t\t<div class=\"elementor-element elementor-element-d4e2df4 elementor-widget elementor-widget-text-editor\" data-id=\"d4e2df4\" data-element_type=\"widget\" data-e-type=\"widget\" data-widget_type=\"text-editor.default\">\n\t\t\t\t<div class=\"elementor-widget-container\">\n\t\t\t\t\t\t\t\t\t<p style=\"font-weight: 400;\">Als gestaltende Beraterin begleite ich dich dabei, konkrete Fragen zu formulieren, Ver\u00e4nderungen anzustossen und eigene Ideen in Bewegung zu bringen. Ob im Einzelgespr\u00e4ch, in projektbezogener Zusammenarbeit oder in Workshops: Ich \u00f6ffne Raum f\u00fcr neue Perspektiven und ermutige dich, deine kreative Kraft zu entfalten.<\/p>\t\t\t\t\t\t\t\t<\/div>\n\t\t\t\t<\/div>\n\t\t<div class=\"elementor-element elementor-element-ed5dbed e-con-full e-flex e-con e-child\" data-id=\"ed5dbed\" data-element_type=\"container\" data-e-type=\"container\">\n\t\t\t\t<div class=\"elementor-element elementor-element-e5f5163 elementor-widget elementor-widget-image\" data-id=\"e5f5163\" data-element_type=\"widget\" data-e-type=\"widget\" data-widget_type=\"image.default\">\n\t\t\t\t<div class=\"elementor-widget-container\">\n\t\t\t\t\t\t\t\t\t\t\t\t\t\t\t\t<a href=\"https:\/\/neverstopdreaming.jooswolfangel.ch\/?page_id=37\">\n\t\t\t\t\t\t\t<img decoding=\"async\" width=\"894\" height=\"409\" src=\"https:\/\/neverstopdreaming.jooswolfangel.ch\/wp-content\/uploads\/2025\/07\/Btn-start-1.png\" class=\"attachment-full size-full wp-image-1628\" alt=\"Buton-Start-asking\" srcset=\"https:\/\/neverstopdreaming.jooswolfangel.ch\/wp-content\/uploads\/2025\/07\/Btn-start-1.png 894w, https:\/\/neverstopdreaming.jooswolfangel.ch\/wp-content\/uploads\/2025\/07\/Btn-start-1-300x137.png 300w, https:\/\/neverstopdreaming.jooswolfangel.ch\/wp-content\/uploads\/2025\/07\/Btn-start-1-768x351.png 768w\" sizes=\"(max-width: 894px) 100vw, 894px\" \/>\t\t\t\t\t\t\t\t<\/a>\n\t\t\t\t\t\t\t\t\t\t\t\t\t\t\t<\/div>\n\t\t\t\t<\/div>\n\t\t\t\t<\/div>\n\t\t\t\t<\/div>\n\t\t<div class=\"elementor-element elementor-element-2ea259b e-con-full elementor-hidden-mobile e-flex e-con e-child\" data-id=\"2ea259b\" data-element_type=\"container\" data-e-type=\"container\">\n\t\t\t\t<div class=\"elementor-element elementor-element-ee234db elementor-widget elementor-widget-image\" data-id=\"ee234db\" data-element_type=\"widget\" data-e-type=\"widget\" data-widget_type=\"image.default\">\n\t\t\t\t<div class=\"elementor-widget-container\">\n\t\t\t\t\t\t\t\t\t\t\t\t\t\t\t\t<a href=\"https:\/\/neverstopdreaming.jooswolfangel.ch\/wp-content\/uploads\/2025\/06\/atelier_II.jpg\" data-elementor-open-lightbox=\"yes\" data-elementor-lightbox-title=\"Besprechungsraum\" data-elementor-lightbox-description=\"Besprechungsraum\" data-e-action-hash=\"#elementor-action%3Aaction%3Dlightbox%26settings%3DeyJpZCI6NjE5LCJ1cmwiOiJodHRwczpcL1wvbmV2ZXJzdG9wZHJlYW1pbmcuam9vc3dvbGZhbmdlbC5jaFwvd3AtY29udGVudFwvdXBsb2Fkc1wvMjAyNVwvMDZcL2F0ZWxpZXJfSUkuanBnIn0%3D\">\n\t\t\t\t\t\t\t<img fetchpriority=\"high\" decoding=\"async\" width=\"2016\" height=\"1512\" src=\"https:\/\/neverstopdreaming.jooswolfangel.ch\/wp-content\/uploads\/2025\/06\/atelier_II.jpg\" class=\"attachment-full size-full wp-image-619\" alt=\"Besprechungsraum\" srcset=\"https:\/\/neverstopdreaming.jooswolfangel.ch\/wp-content\/uploads\/2025\/06\/atelier_II.jpg 2016w, https:\/\/neverstopdreaming.jooswolfangel.ch\/wp-content\/uploads\/2025\/06\/atelier_II-300x225.jpg 300w, https:\/\/neverstopdreaming.jooswolfangel.ch\/wp-content\/uploads\/2025\/06\/atelier_II-1024x768.jpg 1024w, https:\/\/neverstopdreaming.jooswolfangel.ch\/wp-content\/uploads\/2025\/06\/atelier_II-768x576.jpg 768w, https:\/\/neverstopdreaming.jooswolfangel.ch\/wp-content\/uploads\/2025\/06\/atelier_II-1536x1152.jpg 1536w\" sizes=\"(max-width: 2016px) 100vw, 2016px\" \/>\t\t\t\t\t\t\t\t<\/a>\n\t\t\t\t\t\t\t\t\t\t\t\t\t\t\t<\/div>\n\t\t\t\t<\/div>\n\t\t\t\t<\/div>\n\t\t\t\t\t<\/div>\n\t\t\t\t<\/div>\n\t\t<div class=\"elementor-element elementor-element-354f682 e-flex e-con-boxed e-con e-parent\" data-id=\"354f682\" data-element_type=\"container\" data-e-type=\"container\">\n\t\t\t\t\t<div class=\"e-con-inner\">\n\t\t\t\t\t<\/div>\n\t\t\t\t<\/div>\n\t\t\t\t<\/div>\n\t\t","protected":false},"excerpt":{"rendered":"<p>the future is now. genau jetzt. Der Fokus liegt auf der Gegenwart mit einem Blick in die Zukunft. Mit pr\u00e4zisen Fragen, kreativen Methoden und kunstanalogen Impulsen sch\u00e4rfen wir gemeinsam deine Wahrnehmung. Du entdeckst neue Sichtweisen und entwickelst Wege, das Kommende zu gestalten. Die Zukunft zeigt sich in uns &#8211; lange bevor sie eintritt. Rainer Maria [&hellip;]<\/p>\n","protected":false},"author":1,"featured_media":0,"parent":0,"menu_order":10,"comment_status":"closed","ping_status":"closed","template":"","meta":{"footnotes":""},"class_list":["post-34","page","type-page","status-publish","hentry"],"_links":{"self":[{"href":"https:\/\/neverstopdreaming.jooswolfangel.ch\/index.php?rest_route=\/wp\/v2\/pages\/34","targetHints":{"allow":["GET"]}}],"collection":[{"href":"https:\/\/neverstopdreaming.jooswolfangel.ch\/index.php?rest_route=\/wp\/v2\/pages"}],"about":[{"href":"https:\/\/neverstopdreaming.jooswolfangel.ch\/index.php?rest_route=\/wp\/v2\/types\/page"}],"author":[{"embeddable":true,"href":"https:\/\/neverstopdreaming.jooswolfangel.ch\/index.php?rest_route=\/wp\/v2\/users\/1"}],"replies":[{"embeddable":true,"href":"https:\/\/neverstopdreaming.jooswolfangel.ch\/index.php?rest_route=%2Fwp%2Fv2%2Fcomments&post=34"}],"version-history":[{"count":0,"href":"https:\/\/neverstopdreaming.jooswolfangel.ch\/index.php?rest_route=\/wp\/v2\/pages\/34\/revisions"}],"wp:attachment":[{"href":"https:\/\/neverstopdreaming.jooswolfangel.ch\/index.php?rest_route=%2Fwp%2Fv2%2Fmedia&parent=34"}],"curies":[{"name":"wp","href":"https:\/\/api.w.org\/{rel}","templated":true}]}}