{"id":23,"date":"2025-05-29T20:25:24","date_gmt":"2025-05-29T20:25:24","guid":{"rendered":"https:\/\/neverstopdreaming.jooswolfangel.ch\/?page_id=23"},"modified":"2025-11-21T10:35:44","modified_gmt":"2025-11-21T10:35:44","slug":"home","status":"publish","type":"page","link":"https:\/\/neverstopdreaming.jooswolfangel.ch\/","title":{"rendered":"home"},"content":{"rendered":"\t\t<div data-elementor-type=\"wp-page\" data-elementor-id=\"23\" class=\"elementor elementor-23\" data-elementor-post-type=\"page\">\n\t\t\t\t<div class=\"elementor-element elementor-element-9287efe e-flex e-con-boxed e-con e-parent\" data-id=\"9287efe\" data-element_type=\"container\" data-e-type=\"container\">\n\t\t\t\t\t<div class=\"e-con-inner\">\n\t\t<div class=\"elementor-element elementor-element-32eaead e-con-full elementor-hidden-mobile elementor-hidden-tablet e-flex e-con e-child\" data-id=\"32eaead\" data-element_type=\"container\" data-e-type=\"container\">\n\t\t\t\t<\/div>\n\t\t<div class=\"elementor-element elementor-element-b025bd8 e-con-full e-flex e-con e-child\" data-id=\"b025bd8\" data-element_type=\"container\" data-e-type=\"container\">\n\t\t\t\t<div class=\"elementor-element elementor-element-a1570a0 elementor-widget elementor-widget-text-editor\" data-id=\"a1570a0\" data-element_type=\"widget\" data-e-type=\"widget\" data-widget_type=\"text-editor.default\">\n\t\t\t\t<div class=\"elementor-widget-container\">\n\t\t\t\t\t\t\t\t\t<p style=\"font-weight: 600; text-align: center;\">Die Zukunft geh\u00f6rt denen, die an die Sch\u00f6nheit ihrer Tr\u00e4ume glauben.<\/p>\t\t\t\t\t\t\t\t<\/div>\n\t\t\t\t<\/div>\n\t\t\t\t<div class=\"elementor-element elementor-element-c390e7f elementor-widget elementor-widget-text-editor\" data-id=\"c390e7f\" data-element_type=\"widget\" data-e-type=\"widget\" data-widget_type=\"text-editor.default\">\n\t\t\t\t<div class=\"elementor-widget-container\">\n\t\t\t\t\t\t\t\t\t<p style=\"text-align: center;\">Eleanor Roosevelt<\/p>\t\t\t\t\t\t\t\t<\/div>\n\t\t\t\t<\/div>\n\t\t\t\t<\/div>\n\t\t\t\t\t<\/div>\n\t\t\t\t<\/div>\n\t\t<div class=\"elementor-element elementor-element-874f0f1 e-flex e-con-boxed e-con e-parent\" data-id=\"874f0f1\" data-element_type=\"container\" data-e-type=\"container\">\n\t\t\t\t\t<div class=\"e-con-inner\">\n\t\t<div class=\"elementor-element elementor-element-9a13426 e-con-full elementor-hidden-mobile e-flex e-con e-child\" data-id=\"9a13426\" data-element_type=\"container\" data-e-type=\"container\">\n\t\t\t\t<\/div>\n\t\t<div class=\"elementor-element elementor-element-6645b57 e-con-full e-flex e-con e-child\" data-id=\"6645b57\" data-element_type=\"container\" data-e-type=\"container\">\n\t\t\t\t<div class=\"elementor-element elementor-element-801403b elementor-widget elementor-widget-text-editor\" data-id=\"801403b\" data-element_type=\"widget\" data-e-type=\"widget\" data-widget_type=\"text-editor.default\">\n\t\t\t\t<div class=\"elementor-widget-container\">\n\t\t\t\t\t\t\t\t\t<p>Gerade in Zeiten des Wandels und der Ungewissheit braucht es Raum f\u00fcr Kreativit\u00e4t und neue Perspektiven. M\u00f6chtest du vom Tr\u00e4umen ins Tun kommen?<\/p><p>Am Anfang jedes Vorhabens stehen Fragen: Sie \u00f6ffnen neue Blickwinkel, bringen Unerwartetes in Bewegung und setzen Impulse frei. Als gestaltende Beraterin begleite ich dich dabei, deine Fragen zu formulieren, Ver\u00e4nderungen anzustossen und deiner Vision Gestalt zu geben.<\/p><p>\u00a0<\/p>\t\t\t\t\t\t\t\t<\/div>\n\t\t\t\t<\/div>\n\t\t\t\t<div class=\"elementor-element elementor-element-8f0c115 elementor-widget elementor-widget-image\" data-id=\"8f0c115\" data-element_type=\"widget\" data-e-type=\"widget\" data-widget_type=\"image.default\">\n\t\t\t\t<div class=\"elementor-widget-container\">\n\t\t\t\t\t\t\t\t\t\t\t\t\t\t\t\t<a href=\"https:\/\/neverstopdreaming.jooswolfangel.ch\/?page_id=37\">\n\t\t\t\t\t\t\t<img fetchpriority=\"high\" decoding=\"async\" width=\"894\" height=\"409\" src=\"https:\/\/neverstopdreaming.jooswolfangel.ch\/wp-content\/uploads\/2025\/07\/Btn-start-1.png\" class=\"attachment-full size-full wp-image-1628\" alt=\"Buton-Start-asking\" srcset=\"https:\/\/neverstopdreaming.jooswolfangel.ch\/wp-content\/uploads\/2025\/07\/Btn-start-1.png 894w, https:\/\/neverstopdreaming.jooswolfangel.ch\/wp-content\/uploads\/2025\/07\/Btn-start-1-300x137.png 300w, https:\/\/neverstopdreaming.jooswolfangel.ch\/wp-content\/uploads\/2025\/07\/Btn-start-1-768x351.png 768w\" sizes=\"(max-width: 894px) 100vw, 894px\" \/>\t\t\t\t\t\t\t\t<\/a>\n\t\t\t\t\t\t\t\t\t\t\t\t\t\t\t<\/div>\n\t\t\t\t<\/div>\n\t\t\t\t<\/div>\n\t\t\t\t\t<\/div>\n\t\t\t\t<\/div>\n\t\t<div class=\"elementor-element elementor-element-e3c4a5d e-flex e-con-boxed e-con e-parent\" data-id=\"e3c4a5d\" data-element_type=\"container\" data-e-type=\"container\">\n\t\t\t\t\t<div class=\"e-con-inner\">\n\t\t<div class=\"elementor-element elementor-element-0be5e46 e-con-full elementor-hidden-mobile e-flex e-con e-child\" data-id=\"0be5e46\" data-element_type=\"container\" data-e-type=\"container\">\n\t\t\t\t<\/div>\n\t\t<div class=\"elementor-element elementor-element-611c6ad e-con-full e-flex e-con e-child\" data-id=\"611c6ad\" data-element_type=\"container\" data-e-type=\"container\">\n\t\t\t\t<div class=\"elementor-element elementor-element-6ac6ef0 elementor-widget elementor-widget-image\" data-id=\"6ac6ef0\" data-element_type=\"widget\" data-e-type=\"widget\" data-widget_type=\"image.default\">\n\t\t\t\t<div class=\"elementor-widget-container\">\n\t\t\t\t\t\t\t\t\t\t\t\t<figure class=\"wp-caption\">\n\t\t\t\t\t\t\t\t\t\t\t<a href=\"https:\/\/neverstopdreaming.jooswolfangel.ch\/wp-content\/uploads\/2025\/07\/Cards-Freigestellt-COL_6774.png\" data-elementor-open-lightbox=\"yes\" data-elementor-lightbox-title=\"Cards-Freigestellt-COL_6774\" data-e-action-hash=\"#elementor-action%3Aaction%3Dlightbox%26settings%3DeyJpZCI6MzI1MSwidXJsIjoiaHR0cHM6XC9cL25ldmVyc3RvcGRyZWFtaW5nLmpvb3N3b2xmYW5nZWwuY2hcL3dwLWNvbnRlbnRcL3VwbG9hZHNcLzIwMjVcLzA3XC9DYXJkcy1GcmVpZ2VzdGVsbHQtQ09MXzY3NzQucG5nIn0%3D\">\n\t\t\t\t\t\t\t<img decoding=\"async\" width=\"1000\" height=\"689\" src=\"https:\/\/neverstopdreaming.jooswolfangel.ch\/wp-content\/uploads\/2025\/07\/Cards-Freigestellt-COL_6774.png\" class=\"attachment-full size-full wp-image-3251\" alt=\"Contemporary Questions - das Fragen-Kartenset\" srcset=\"https:\/\/neverstopdreaming.jooswolfangel.ch\/wp-content\/uploads\/2025\/07\/Cards-Freigestellt-COL_6774.png 1000w, https:\/\/neverstopdreaming.jooswolfangel.ch\/wp-content\/uploads\/2025\/07\/Cards-Freigestellt-COL_6774-300x207.png 300w, https:\/\/neverstopdreaming.jooswolfangel.ch\/wp-content\/uploads\/2025\/07\/Cards-Freigestellt-COL_6774-768x529.png 768w\" sizes=\"(max-width: 1000px) 100vw, 1000px\" \/>\t\t\t\t\t\t\t\t<\/a>\n\t\t\t\t\t\t\t\t\t\t\t<figcaption class=\"widget-image-caption wp-caption-text\">Fragen \u00fcber Fragen - das Kartenset<\/figcaption>\n\t\t\t\t\t\t\t\t\t\t<\/figure>\n\t\t\t\t\t\t\t\t\t<\/div>\n\t\t\t\t<\/div>\n\t\t\t\t<\/div>\n\t\t<div class=\"elementor-element elementor-element-964e1b3 e-con-full e-flex e-con e-child\" data-id=\"964e1b3\" data-element_type=\"container\" data-e-type=\"container\">\n\t\t\t\t<div class=\"elementor-element elementor-element-37a694c elementor-widget elementor-widget-text-editor\" data-id=\"37a694c\" data-element_type=\"widget\" data-e-type=\"widget\" data-widget_type=\"text-editor.default\">\n\t\t\t\t<div class=\"elementor-widget-container\">\n\t\t\t\t\t\t\t\t\tDas Frage-Spiel <span style=\"font-weight: 900;\">contemporary questions <\/span>\u00a0ist Teil des gleichnamigen partizipativen Fragen-Sammel-Projekts. 54 ausgew\u00e4hlte Fragen regen zum Nachdenken an und erm\u00f6glichen Gespr\u00e4che auf spielerische Weise. Die Fragen eignen sich ideal f\u00fcr  Workshops zu aktuellen Themen\u00a0<a href=\"https:\/\/neverstopdreaming.jooswolfangel.ch\/?page_id=35\">\u27b8 mehr dazu<\/a>\t\t\t\t\t\t\t\t<\/div>\n\t\t\t\t<\/div>\n\t\t\t\t<\/div>\n\t\t\t\t\t<\/div>\n\t\t\t\t<\/div>\n\t\t\t\t<\/div>\n\t\t","protected":false},"excerpt":{"rendered":"<p>Die Zukunft geh\u00f6rt denen, die an die Sch\u00f6nheit ihrer Tr\u00e4ume glauben. Eleanor Roosevelt Gerade in Zeiten des Wandels und der Ungewissheit braucht es Raum f\u00fcr Kreativit\u00e4t und neue Perspektiven. M\u00f6chtest du vom Tr\u00e4umen ins Tun kommen? Am Anfang jedes Vorhabens stehen Fragen: Sie \u00f6ffnen neue Blickwinkel, bringen Unerwartetes in Bewegung und setzen Impulse frei. Als [&hellip;]<\/p>\n","protected":false},"author":1,"featured_media":0,"parent":0,"menu_order":0,"comment_status":"closed","ping_status":"closed","template":"","meta":{"footnotes":""},"class_list":["post-23","page","type-page","status-publish","hentry"],"_links":{"self":[{"href":"https:\/\/neverstopdreaming.jooswolfangel.ch\/index.php?rest_route=\/wp\/v2\/pages\/23","targetHints":{"allow":["GET"]}}],"collection":[{"href":"https:\/\/neverstopdreaming.jooswolfangel.ch\/index.php?rest_route=\/wp\/v2\/pages"}],"about":[{"href":"https:\/\/neverstopdreaming.jooswolfangel.ch\/index.php?rest_route=\/wp\/v2\/types\/page"}],"author":[{"embeddable":true,"href":"https:\/\/neverstopdreaming.jooswolfangel.ch\/index.php?rest_route=\/wp\/v2\/users\/1"}],"replies":[{"embeddable":true,"href":"https:\/\/neverstopdreaming.jooswolfangel.ch\/index.php?rest_route=%2Fwp%2Fv2%2Fcomments&post=23"}],"version-history":[{"count":0,"href":"https:\/\/neverstopdreaming.jooswolfangel.ch\/index.php?rest_route=\/wp\/v2\/pages\/23\/revisions"}],"wp:attachment":[{"href":"https:\/\/neverstopdreaming.jooswolfangel.ch\/index.php?rest_route=%2Fwp%2Fv2%2Fmedia&parent=23"}],"curies":[{"name":"wp","href":"https:\/\/api.w.org\/{rel}","templated":true}]}}